{"id":3,"date":"2023-11-24T22:36:44","date_gmt":"2023-11-24T22:36:44","guid":{"rendered":"https:\/\/paqueteriaaguila.com\/vsainternational\/?page_id=3"},"modified":"2023-12-14T23:08:28","modified_gmt":"2023-12-14T23:08:28","slug":"privacy-policy","status":"publish","type":"page","link":"https:\/\/vsaforwarding.com\/es\/privacy-policy\/","title":{"rendered":"Privacy Policy"},"content":{"rendered":"<div data-elementor-type=\"wp-page\" data-elementor-id=\"3\" class=\"elementor elementor-3\">\n\t\t\t\t<div class=\"elementor-element elementor-element-f5594a8 e-flex e-con-boxed e-con e-parent\" data-id=\"f5594a8\" data-element_type=\"container\">\n\t\t\t\t\t<div class=\"e-con-inner\">\n\t\t<div class=\"elementor-element elementor-element-93752d9 e-flex e-con-boxed e-con e-child\" data-id=\"93752d9\" data-element_type=\"container\">\n\t\t\t\t\t<div class=\"e-con-inner\">\n\t\t\t\t<div class=\"elementor-element elementor-element-87338f7 elementor-widget elementor-widget-spacer\" data-id=\"87338f7\" data-element_type=\"widget\" data-widget_type=\"spacer.default\">\n\t\t\t\t<div class=\"elementor-widget-container\">\n\t\t\t\t\t<div class=\"elementor-spacer\">\n\t\t\t<div class=\"elementor-spacer-inner\"><\/div>\n\t\t<\/div>\n\t\t\t\t<\/div>\n\t\t\t\t<\/div>\n\t\t\t\t<div class=\"elementor-element elementor-element-2b81d67 elementor-widget elementor-widget-text-editor\" data-id=\"2b81d67\" data-element_type=\"widget\" data-widget_type=\"text-editor.default\">\n\t\t\t\t<div class=\"elementor-widget-container\">\n\t\t\t\t\t\t\t<p><\/p>\n<p><strong>AVISO DE PRIVACIDAD.<\/strong><\/p>\n<p><\/p>\n<p>Veer Shipping Agency S.A. de C.V. (en adelante \u201cVeer Shipping\u201d) con domicilio en Calle Lava n\u00famero exterior 206, oficina A, Col. Jardines del Moral, en Le\u00f3n, Guanajuato, M\u00e9xico CP 37160, reconoce la importancia del tratamiento leg\u00edtimo, controlado e informado de sus datos personales, a fin de garantizar su derecho a la privacidad y la autodeterminaci\u00f3n informativa.<\/p>\n<p><\/p>\n<p>El presente Aviso de Privacidad se pone a su disposici\u00f3n a fin de que conozca las pr\u00e1cticas de Veer Shipping al tratar, es decir, obtener, usar, divulgar o almacenar, sus datos personales.<\/p>\n<p><\/p>\n<p><strong>\u00bfQu\u00e9 datos personales se recaban?<\/strong><\/p>\n<p><\/p>\n<p>Algunos de los datos personales que pudieran recabarse son:<span style=\"font-style: inherit; font-weight: inherit; text-align: var(--text-align); background-color: var(--ast-global-color-5); color: var(--ast-global-color-3);\">&nbsp;<\/span><\/p><ul>\n<li>Actividad (giro).<\/li>\n<li>Domicilio postal.<\/li>\n<li>Domicilio fiscal.<\/li>\n<li>Domicilio de revisi\u00f3n y cobro.<\/li>\n<li>Registro Federal de Contribuyentes.<\/li>\n<li>Direcci\u00f3n de correo electr\u00f3nico.<\/li>\n<li>N\u00famero de tel\u00e9fono fijo y\/o de tel\u00e9fono celular.<\/li>\n<li>N\u00famero de fax.<\/li>\n<li>Nombre del representante legal, (en su caso).<\/li>\n<li>Firma del representante legal, (en su caso).<\/li>\n<li>Nombre del encargado de pagos.<\/li>\n<li>Referencias bancarias y comerciales.<\/li>\n<li>Informaci\u00f3n de pago (como n\u00famero de tarjeta de cr\u00e9dito o n\u00famero de cuenta bancaria).<\/li>\n<li>Tipo de moneda para llevar a cabo la facturaci\u00f3n. \u2022 Informaci\u00f3n sobre cr\u00e9ditos solicitados.<\/li>\n<\/ul>\n<p>Veer Shipping tratar\u00e1 sus datos personales \u00fanicamente por el tiempo que sea necesario a fin de cumplir con las finalidades descritas en el presente Aviso de Privacidad y\/o de conformidad con lo que establezcan las disposiciones legales aplicables.<\/p>\n<p><\/p>\n<p><strong>\u00bfCu\u00e1les son las finalidades y\/o usos de los datos personales que recaba Veer Shipping?<\/strong><\/p>\n<p><\/p>\n<p>Los datos personales que recaba Veer Shipping son utilizados para prestarle los servicios ofrecidos, para desarrollar y mejorar nuestros servicios, para contactarlo, para comunicarle novedades respecto a nuestros servicios, para la creaci\u00f3n y administraci\u00f3n de su cuenta, para llevar a cabo actividades de mercadeo y promocionales, para prestarle los servicios espec\u00edficos de cada una de las \u00e1reas de servicio en las cuales se ha registrado, para proporcionarle acceso a e informaci\u00f3n sobre servicios que consideramos pudieran ser de su inter\u00e9s, para interrelacionar bases de datos y conocer su perfil y necesidades, para llevar a cabo la facturaci\u00f3n por los servicios prestados, para enviarle facturas electr\u00f3nicas al correo electr\u00f3nico proporcionado, para gestionar la cobranza y el procesamiento de pagos, para implementar medidas de protecci\u00f3n en contra de posibles transacciones fraudulentas o identificaci\u00f3n de las mismas y, en general, para cumplir con el desarrollo propio del negocio.<\/p>\n<p><\/p>\n<p>Sus datos personales podr\u00e1n ser utilizados para otras finalidades siempre y cuando dichas finalidades sean compatibles con las antes descritas y puedan considerarse an\u00e1logas.<\/p>\n<p><\/p>\n<p><strong>\u00bfQu\u00e9 comunicaciones de sus datos personales podr\u00e1n llevarse a cabo?<\/strong><\/p>\n<p><\/p>\n<p>Veer Shipping puede compartir con terceros, nacionales o extranjeros, sus datos personales con el fin de cumplir con las finalidades antes descritas. Los terceros a los que Veer Shipping puede comunicar sus datos personales son por ejemplo: otras compa\u00f1\u00edas afiliadas o subsidiarias de Veer Shipping; asesores profesionales externos que act\u00faen a nombre y por cuenta de Veer Shipping; prestadores de servicios que son contratados para cumplir con las finalidades descritas y que act\u00faan a nombre y por cuenta de Veer Shipping.<\/p>\n<p><\/p>\n<p>Cuando Veer Shipping comparta sus datos personales con terceros se asegurar\u00e1 de que dichos terceros tomen las medidas necesarias para proteger la confidencialidad y seguridad de sus datos personales. Veer Shipping requerir\u00e1 que dichos terceros cumplan con el Aviso de Privacidad y la Pol\u00edtica de Privacidad de Veer Shipping y les prohibir\u00e1 utilizar sus datos personales para un fin distinto a aquellos para los cuales fueron recabados.<\/p>\n<p><\/p>\n<p>Asimismo, Veer Shipping puede comunicar sus datos personales a terceros, nacionales o extranjeros, independientes de Veer Shipping, cuando tenga el prop\u00f3sito de cumplir con una obligaci\u00f3n legalmente adquirida, sea requerido por resoluci\u00f3n o determinaci\u00f3n de autoridad competente, exista una situaci\u00f3n&nbsp; de&nbsp; emergencia&nbsp; que&nbsp; ponga&nbsp; en&nbsp; riesgo&nbsp; su&nbsp; persona&nbsp; o&nbsp; sus&nbsp; bienes&nbsp; o&nbsp; cuando&nbsp; dicha comunicaci\u00f3n de datos est\u00e9 prevista en una Ley.<\/p>\n<p><\/p>\n<p><strong>\u00bfC\u00f3mo se resguardan sus datos personales?<\/strong><\/p>\n<p><\/p>\n<p>Veer Shipping ha adoptado las medidas de seguridad, administrativas, t\u00e9cnicas y f\u00edsicas, necesarias para proteger sus datos personales contra da\u00f1o, p\u00e9rdida, alteraci\u00f3n, destrucci\u00f3n o el uso, acceso o tratamiento no autorizado.<\/p>\n<p><\/p>\n<p>El acceso a sus datos personales, en poder de Veer Shipping, se limitar\u00e1 a las personas que necesiten tener acceso a dicha informaci\u00f3n, con el prop\u00f3sito de llevar a cabo las finalidades identificadas en este Aviso de Privacidad.<\/p>\n<p><\/p>\n<p><strong>\u00bfQu\u00e9 derechos y obligaciones le corresponden al titular de los datos personales?<\/strong><\/p>\n<p><\/p>\n<p>Usted, como titular de datos personales podr\u00e1 ejercitar ante el Departamento de Protecci\u00f3n de Datos Personales de Veer Shipping, los derechos de acceso, rectificaci\u00f3n, cancelaci\u00f3n y oposici\u00f3n, de acuerdo a lo siguiente:<\/p>\n<p><\/p>\n<ul>\n<li>Derecho de Acceso.- que se le informe cu\u00e1les de sus datos personales est\u00e1n contenidos en las bases de datos de Veer Shipping, para qu\u00e9 se utilizan, el origen de dichos datos y las comunicaciones que se hayan realizado con los mismos.<\/li>\n<li>Derecho de Rectificaci\u00f3n.- que se corrijan o actualicen sus datos personales en caso de que sean inexactos o incompletos. Usted tendr\u00e1 la obligaci\u00f3n de informar a Veer Shipping de los cambios que se deban hacer a sus datos personales, cuando dichos cambios s\u00f3lo sean de su conocimiento y sean imputables a usted.<\/li>\n<li>Derecho de Cancelaci\u00f3n.- que sus datos personales sean dados de baja de las bases de datos de Veer Shipping. Esta solicitud dar\u00e1 lugar a un periodo de bloqueo tras el cual proceder\u00e1 la supresi\u00f3n de los datos.<\/li>\n<\/ul>\n<p>Existen casos en los que la cancelaci\u00f3n no ser\u00e1 posible en t\u00e9rminos de la Ley Federal de Protecci\u00f3n de Datos Personales en Posesi\u00f3n de los Particulares y otras disposiciones legales aplicables.<\/p>\n<ul>\n<li>Derecho de Oposici\u00f3n.- oponerse por causa leg\u00edtima al tratamiento de sus datos personales por parte de Veer Shipping. En los casos que la oposici\u00f3n verse sobre la recepci\u00f3n de ciertos comunicados, en dichos comunicados se incluir\u00e1 la opci\u00f3n para salir de la lista de distribuci\u00f3n y dejar de recibirlos.<\/li>\n<\/ul>\n<p>Veer Shipping pondr\u00e1 a su disposici\u00f3n los Formatos para llevar a cabo las solicitudes de acceso, rectificaci\u00f3n, cancelaci\u00f3n y oposici\u00f3n en su sitio web: <u><a href=\"http:\/\/www.fedex.com\/mx\">&nbsp;<\/a><a href=\"http:\/\/www.fedex.com\/mx\">www<\/a>.vsaforwarding<a href=\"http:\/\/www.fedex.com\/mx\">.<\/a><a href=\"http:\/\/www.fedex.com\/mx\">c<\/a>om<\/u><a href=\"http:\/\/www.fedex.com\/mx\">.<\/a><\/p>\n<p><\/p>\n<p><\/p>\n<p><strong>\u00bfC\u00f3mo se comunican los cambios al aviso de privacidad?<\/strong><\/p>\n<p><\/p>\n<p>En caso de existir cambios o modificaciones en el presente Aviso de Privacidad, se pondr\u00e1 a su disposici\u00f3n la versi\u00f3n actualizada del Aviso de Privacidad a trav\u00e9s del correo electr\u00f3nico que nos proporcion\u00f3. La falta de oposici\u00f3n al Aviso de Privacidad modificado, dentro de los 5 d\u00edas h\u00e1biles siguientes a su recepci\u00f3n, se entender\u00e1 como la aceptaci\u00f3n y consentimiento a los t\u00e9rminos establecidos en el mismo.<\/p>\n<p><\/p>\n<p><strong>\u00bfA qui\u00e9n se dirigen las dudas o comentarios y ante qui\u00e9n se ejercitan los derechos de acceso, rectificaci\u00f3n, cancelaci\u00f3n y oposici\u00f3n?<\/strong><\/p>\n<p><\/p>\n<p>En caso de tener dudas o comentarios respecto del Aviso de Privacidad o si quisiera ejercitar cualquiera de los derechos que por la Ley Federal de Protecci\u00f3n de Datos Personales en Posesi\u00f3n de los Particulares le corresponden, le pedimos contacte al Departamento de Protecci\u00f3n de Datos<\/p>\n<p>Pe r s o n a l e s&nbsp;&nbsp; d e&nbsp;&nbsp; Veer Shipping ,&nbsp; a&nbsp; t r a v \u00e9 s&nbsp;&nbsp; d e&nbsp;&nbsp; la&nbsp; s i g u ie n t e&nbsp;&nbsp; d ir e c c i\u00f3 n&nbsp;&nbsp; d e&nbsp; c o r r e o&nbsp;&nbsp; e le c t r \u00f3 n ic o <u>admin@vsaforwarding.com<\/u>, el cual se encuentra ubicado en&nbsp;&nbsp; Calle Lava n\u00famero exterior 206, oficina A, Col. Jardines del Moral, en Le\u00f3n, Guanajuato, M\u00e9xico CP 37160<\/p>\t\t\t\t\t\t<\/div>\n\t\t\t\t<\/div>\n\t\t\t\t\t<\/div>\n\t\t\t\t<\/div>\n\t\t\t\t\t<\/div>\n\t\t\t\t<\/div>\n\t\t\t\t<\/div>","protected":false},"excerpt":{"rendered":"<p>AVISO DE PRIVACIDAD. Veer Shipping Agency S.A. de C.V. (en adelante \u201cVeer Shipping\u201d) con domicilio en Calle Lava n\u00famero exterior 206, oficina A, Col. Jardines del Moral, en Le\u00f3n, Guanajuato, M\u00e9xico CP 37160, reconoce la importancia del tratamiento leg\u00edtimo, controlado e informado de sus datos personales, a fin de garantizar su derecho a la privacidad &hellip;<\/p>\n<p class=\"read-more\"> <a class=\"\" href=\"https:\/\/vsaforwarding.com\/es\/privacy-policy\/\"> <span class=\"screen-reader-text\">Privacy Policy<\/span> Leer m\u00e1s &raquo;<\/a><\/p>","protected":false},"author":1,"featured_media":0,"parent":0,"menu_order":0,"comment_status":"closed","ping_status":"open","template":"","meta":{"site-sidebar-layout":"default","site-content-layout":"","ast-site-content-layout":"","site-content-style":"default","site-sidebar-style":"default","ast-global-header-display":"","ast-banner-title-visibility":"","ast-main-header-display":"","ast-hfb-above-header-display":"","ast-hfb-below-header-display":"","ast-hfb-mobile-header-display":"","site-post-title":"","ast-breadcrumbs-content":"","ast-featured-img":"","footer-sml-layout":"","theme-transparent-header-meta":"","adv-header-id-meta":"","stick-header-meta":"","header-above-stick-meta":"","header-main-stick-meta":"","header-below-stick-meta":"","astra-migrate-meta-layouts":"","ast-page-background-enabled":"default","ast-page-background-meta":{"desktop":{"background-color":"","background-image":"","background-repeat":"repeat","background-position":"center center","background-size":"auto","background-attachment":"scroll","background-type":"","background-media":"","overlay-type":"","overlay-color":"","overlay-gradient":""},"tablet":{"background-color":"","background-image":"","background-repeat":"repeat","background-position":"center center","background-size":"auto","background-attachment":"scroll","background-type":"","background-media":"","overlay-type":"","overlay-color":"","overlay-gradient":""},"mobile":{"background-color":"","background-image":"","background-repeat":"repeat","background-position":"center center","background-size":"auto","background-attachment":"scroll","background-type":"","background-media":"","overlay-type":"","overlay-color":"","overlay-gradient":""}},"ast-content-background-meta":{"desktop":{"background-color":"var(--ast-global-color-5)","background-image":"","background-repeat":"repeat","background-position":"center center","background-size":"auto","background-attachment":"scroll","background-type":"","background-media":"","overlay-type":"","overlay-color":"","overlay-gradient":""},"tablet":{"background-color":"var(--ast-global-color-5)","background-image":"","background-repeat":"repeat","background-position":"center center","background-size":"auto","background-attachment":"scroll","background-type":"","background-media":"","overlay-type":"","overlay-color":"","overlay-gradient":""},"mobile":{"background-color":"var(--ast-global-color-5)","background-image":"","background-repeat":"repeat","background-position":"center center","background-size":"auto","background-attachment":"scroll","background-type":"","background-media":"","overlay-type":"","overlay-color":"","overlay-gradient":""}},"footnotes":""},"_links":{"self":[{"href":"https:\/\/vsaforwarding.com\/es\/wp-json\/wp\/v2\/pages\/3"}],"collection":[{"href":"https:\/\/vsaforwarding.com\/es\/wp-json\/wp\/v2\/pages"}],"about":[{"href":"https:\/\/vsaforwarding.com\/es\/wp-json\/wp\/v2\/types\/page"}],"author":[{"embeddable":true,"href":"https:\/\/vsaforwarding.com\/es\/wp-json\/wp\/v2\/users\/1"}],"replies":[{"embeddable":true,"href":"https:\/\/vsaforwarding.com\/es\/wp-json\/wp\/v2\/comments?post=3"}],"version-history":[{"count":3,"href":"https:\/\/vsaforwarding.com\/es\/wp-json\/wp\/v2\/pages\/3\/revisions"}],"predecessor-version":[{"id":1323,"href":"https:\/\/vsaforwarding.com\/es\/wp-json\/wp\/v2\/pages\/3\/revisions\/1323"}],"wp:attachment":[{"href":"https:\/\/vsaforwarding.com\/es\/wp-json\/wp\/v2\/media?parent=3"}],"curies":[{"name":"wp","href":"https:\/\/api.w.org\/{rel}","templated":true}]}}